{"id":24,"date":"2022-01-05T12:17:13","date_gmt":"2022-01-05T12:17:13","guid":{"rendered":"https:\/\/zechundwaibel.de\/?page_id=24"},"modified":"2023-03-16T14:38:18","modified_gmt":"2023-03-16T14:38:18","slug":"nachhaltigkeit","status":"publish","type":"page","link":"https:\/\/zechundwaibel.de\/?page_id=24","title":{"rendered":"Nachhaltigkeit"},"content":{"rendered":"\t\t<div data-elementor-type=\"wp-page\" data-elementor-id=\"24\" class=\"elementor elementor-24\" data-elementor-post-type=\"page\">\n\t\t\t\t\t\t<section class=\"elementor-section elementor-top-section elementor-element elementor-element-a857e06 elementor-section-height-min-height elementor-section-full_width elementor-section-height-default elementor-section-items-middle\" data-id=\"a857e06\" data-element_type=\"section\" data-settings=\"{&quot;background_background&quot;:&quot;classic&quot;}\">\n\t\t\t\t\t\t<div class=\"elementor-container elementor-column-gap-default\">\n\t\t\t\t\t<div class=\"elementor-column elementor-col-100 elementor-top-column elementor-element elementor-element-7c2a783\" data-id=\"7c2a783\" data-element_type=\"column\">\n\t\t\t<div class=\"elementor-widget-wrap elementor-element-populated\">\n\t\t\t\t\t\t<div class=\"elementor-element elementor-element-3237db8 elementor-widget elementor-widget-heading\" data-id=\"3237db8\" data-element_type=\"widget\" data-widget_type=\"heading.default\">\n\t\t\t\t<div class=\"elementor-widget-container\">\n\t\t\t\t\t<h1 class=\"elementor-heading-title elementor-size-default\">Nachhaltigkeit<\/h1>\t\t\t\t<\/div>\n\t\t\t\t<\/div>\n\t\t\t\t\t<\/div>\n\t\t<\/div>\n\t\t\t\t\t<\/div>\n\t\t<\/section>\n\t\t\t\t<section class=\"elementor-section elementor-top-section elementor-element elementor-element-4a8580d elementor-section-boxed elementor-section-height-default elementor-section-height-default\" data-id=\"4a8580d\" data-element_type=\"section\" data-settings=\"{&quot;background_background&quot;:&quot;classic&quot;}\">\n\t\t\t\t\t\t<div class=\"elementor-container elementor-column-gap-default\">\n\t\t\t\t\t<div class=\"elementor-column elementor-col-100 elementor-top-column elementor-element elementor-element-4216bb2\" data-id=\"4216bb2\" data-element_type=\"column\">\n\t\t\t<div class=\"elementor-widget-wrap elementor-element-populated\">\n\t\t\t\t\t\t<div class=\"elementor-element elementor-element-7d83363 elementor-widget elementor-widget-heading\" data-id=\"7d83363\" data-element_type=\"widget\" data-widget_type=\"heading.default\">\n\t\t\t\t<div class=\"elementor-widget-container\">\n\t\t\t\t\t<h1 class=\"elementor-heading-title elementor-size-default\">Wir stehen f\u00fcr Nachhaltigkeit ein<\/h1>\t\t\t\t<\/div>\n\t\t\t\t<\/div>\n\t\t\t\t<div class=\"elementor-element elementor-element-156a434 elementor-widget elementor-widget-heading\" data-id=\"156a434\" data-element_type=\"widget\" data-widget_type=\"heading.default\">\n\t\t\t\t<div class=\"elementor-widget-container\">\n\t\t\t\t\t<h2 class=\"elementor-heading-title elementor-size-default\">Wir \u00fcbernehmen Verantwortung<\/h2>\t\t\t\t<\/div>\n\t\t\t\t<\/div>\n\t\t\t\t<div class=\"elementor-element elementor-element-dad1ee5 elementor-widget elementor-widget-text-editor\" data-id=\"dad1ee5\" data-element_type=\"widget\" data-widget_type=\"text-editor.default\">\n\t\t\t\t<div class=\"elementor-widget-container\">\n\t\t\t\t\t\t\t\t\t<h5>Nachhaltig zu agieren ist f\u00fcr unser Unternehmen und Projekte selbstverst\u00e4ndlich. Nachhaltig f\u00fcr unsere Umwelt zu handeln ebenso, denn als Unternehmen \u00fcbernimmt man auch Verantwortung. Deshalb achten wir stetig auf Neuerungen, die sich auf unsere \u00d6kobilanz dauerhaft positiv auswirken.<\/h5><h5>Im Kleinen und im Gro\u00dfen, also von einer kompletten Umr\u00fcstung auf Tageslicht und LED, umweltfreundlichen und Kunststoffreduzierten Verpackungen, so wie das Recyclen von Abf\u00e4llen bis hin zu einer Hausinternen Brennstoffzelle und einem Blockheizkraftwerk.<\/h5><h5>Unseren Strom beziehen wir selbstverst\u00e4ndlich aus erneuerbaren Energien und planen unsere Fuhrparkflotte k\u00fcnftig auch mit Strom zu betreiben. So lange sorgen wir f\u00fcr kurze und effektive Transportwege und wenige Fahrten.<\/h5>\t\t\t\t\t\t\t\t<\/div>\n\t\t\t\t<\/div>\n\t\t\t\t<div class=\"elementor-element elementor-element-df7bce1 elementor-widget elementor-widget-heading\" data-id=\"df7bce1\" data-element_type=\"widget\" data-widget_type=\"heading.default\">\n\t\t\t\t<div class=\"elementor-widget-container\">\n\t\t\t\t\t<h3 class=\"elementor-heading-title elementor-size-default\">Nachhaltigkeit im \u00dcberblick:<\/h3>\t\t\t\t<\/div>\n\t\t\t\t<\/div>\n\t\t\t\t<div class=\"elementor-element elementor-element-0025244 elementor-widget elementor-widget-text-editor\" data-id=\"0025244\" data-element_type=\"widget\" data-widget_type=\"text-editor.default\">\n\t\t\t\t<div class=\"elementor-widget-container\">\n\t\t\t\t\t\t\t\t\t<ul><li style=\"text-align: left;\"><h5>W\u00e4rmegewinnung durch eine Brennstoffzelle<\/h5><\/li><li style=\"text-align: left;\"><h5>Moderne Maschinen mit wenig Verbrauch<\/h5><\/li><li style=\"text-align: left;\"><h5>Ressourcenschonende Verpackungen<\/h5><\/li><li style=\"text-align: left;\"><h5>Gr\u00fcner Strom<\/h5><\/li><li style=\"text-align: left;\"><h5>Tageslichtkonzept und LED<\/h5><\/li><li style=\"text-align: left;\"><h5>Recyclen von Abf\u00e4llen bis hin zur Wiederverwertung<\/h5><\/li><li style=\"text-align: left;\"><h5>Plastikfreie Verpackungen<\/h5><\/li><\/ul>\t\t\t\t\t\t\t\t<\/div>\n\t\t\t\t<\/div>\n\t\t\t\t\t<\/div>\n\t\t<\/div>\n\t\t\t\t\t<\/div>\n\t\t<\/section>\n\t\t\t\t<\/div>\n\t\t","protected":false},"excerpt":{"rendered":"<p>Nachhaltigkeit Wir stehen f\u00c3\u0192\u00c6\u2019\u00c3\u201a\u00c2\u00bcr Nachhaltigkeit ein Wir \u00c3\u0192\u00c6\u2019\u00c3\u201a\u00c2\u00bcbernehmen Verantwortung Nachhaltig zu agieren ist f\u00c3\u0192\u00c6\u2019\u00c3\u201a\u00c2\u00bcr unser Unternehmen und Projekte selbstverst\u00c3\u0192\u00c6\u2019\u00c3\u201a\u00c2\u00a4ndlich. Nachhaltig f\u00c3\u0192\u00c6\u2019\u00c3\u201a\u00c2\u00bcr unsere Umwelt zu handeln ebenso, denn als Unternehmen \u00c3\u0192\u00c6\u2019\u00c3\u201a\u00c2\u00bcbernimmt man auch Verantwortung. Deshalb achten wir stetig auf Neuerungen, die sich auf unsere \u00c3\u0192\u00c6\u2019\u00c3\u00a2\u00e2\u201a\u00ac\u00e2\u20ac\u0153kobilanz dauerhaft positiv auswirken. Im Kleinen und im Gro\u00c3\u0192\u00c6\u2019\u00c3\u2026\u00c2\u00b8en, also von einer [&hellip;]<\/p>\n","protected":false},"author":3,"featured_media":0,"parent":0,"menu_order":0,"comment_status":"closed","ping_status":"closed","template":"elementor_header_footer","meta":{"footnotes":""},"class_list":["post-24","page","type-page","status-publish","hentry"],"yoast_head":"<!-- This site is optimized with the Yoast SEO plugin v26.2 - https:\/\/yoast.com\/wordpress\/plugins\/seo\/ -->\n<title>Nachhaltigkeit - Zech und Waibel Modellbau<\/title>\n<meta name=\"robots\" content=\"index, follow, max-snippet:-1, max-image-preview:large, max-video-preview:-1\" \/>\n<link rel=\"canonical\" href=\"https:\/\/zechundwaibel.de\/?page_id=24\" \/>\n<meta property=\"og:locale\" content=\"de_DE\" \/>\n<meta property=\"og:type\" content=\"article\" \/>\n<meta property=\"og:title\" content=\"Nachhaltigkeit - Zech und Waibel Modellbau\" \/>\n<meta property=\"og:description\" content=\"Nachhaltigkeit Wir stehen f\u00c3\u0192\u00c6\u2019\u00c3\u201a\u00c2\u00bcr Nachhaltigkeit ein Wir \u00c3\u0192\u00c6\u2019\u00c3\u201a\u00c2\u00bcbernehmen Verantwortung Nachhaltig zu agieren ist f\u00c3\u0192\u00c6\u2019\u00c3\u201a\u00c2\u00bcr unser Unternehmen und Projekte selbstverst\u00c3\u0192\u00c6\u2019\u00c3\u201a\u00c2\u00a4ndlich. Nachhaltig f\u00c3\u0192\u00c6\u2019\u00c3\u201a\u00c2\u00bcr unsere Umwelt zu handeln ebenso, denn als Unternehmen \u00c3\u0192\u00c6\u2019\u00c3\u201a\u00c2\u00bcbernimmt man auch Verantwortung. Deshalb achten wir stetig auf Neuerungen, die sich auf unsere \u00c3\u0192\u00c6\u2019\u00c3\u00a2\u00e2\u201a\u00ac\u00e2\u20ac\u0153kobilanz dauerhaft positiv auswirken. Im Kleinen und im Gro\u00c3\u0192\u00c6\u2019\u00c3\u2026\u00c2\u00b8en, also von einer [&hellip;]\" \/>\n<meta property=\"og:url\" content=\"https:\/\/zechundwaibel.de\/?page_id=24\" \/>\n<meta property=\"og:site_name\" content=\"Zech und Waibel Modellbau\" \/>\n<meta property=\"article:modified_time\" content=\"2023-03-16T14:38:18+00:00\" \/>\n<meta name=\"twitter:card\" content=\"summary_large_image\" \/>\n<meta name=\"twitter:label1\" content=\"Gesch\u00e4tzte Lesezeit\" \/>\n\t<meta name=\"twitter:data1\" content=\"1\u00a0Minute\" \/>\n<script type=\"application\/ld+json\" class=\"yoast-schema-graph\">{\"@context\":\"https:\/\/schema.org\",\"@graph\":[{\"@type\":\"WebPage\",\"@id\":\"https:\/\/zechundwaibel.de\/?page_id=24\",\"url\":\"https:\/\/zechundwaibel.de\/?page_id=24\",\"name\":\"Nachhaltigkeit - Zech und Waibel Modellbau\",\"isPartOf\":{\"@id\":\"https:\/\/zechundwaibel.de\/#website\"},\"datePublished\":\"2022-01-05T12:17:13+00:00\",\"dateModified\":\"2023-03-16T14:38:18+00:00\",\"breadcrumb\":{\"@id\":\"https:\/\/zechundwaibel.de\/?page_id=24#breadcrumb\"},\"inLanguage\":\"de\",\"potentialAction\":[{\"@type\":\"ReadAction\",\"target\":[\"https:\/\/zechundwaibel.de\/?page_id=24\"]}]},{\"@type\":\"BreadcrumbList\",\"@id\":\"https:\/\/zechundwaibel.de\/?page_id=24#breadcrumb\",\"itemListElement\":[{\"@type\":\"ListItem\",\"position\":1,\"name\":\"Startseite\",\"item\":\"https:\/\/zechundwaibel.de\/\"},{\"@type\":\"ListItem\",\"position\":2,\"name\":\"Nachhaltigkeit\"}]},{\"@type\":\"WebSite\",\"@id\":\"https:\/\/zechundwaibel.de\/#website\",\"url\":\"https:\/\/zechundwaibel.de\/\",\"name\":\"Zech und Waibel Modellbau\",\"description\":\"\",\"publisher\":{\"@id\":\"https:\/\/zechundwaibel.de\/#organization\"},\"potentialAction\":[{\"@type\":\"SearchAction\",\"target\":{\"@type\":\"EntryPoint\",\"urlTemplate\":\"https:\/\/zechundwaibel.de\/?s={search_term_string}\"},\"query-input\":{\"@type\":\"PropertyValueSpecification\",\"valueRequired\":true,\"valueName\":\"search_term_string\"}}],\"inLanguage\":\"de\"},{\"@type\":\"Organization\",\"@id\":\"https:\/\/zechundwaibel.de\/#organization\",\"name\":\"Zech und Waibel Modellbau\",\"url\":\"https:\/\/zechundwaibel.de\/\",\"logo\":{\"@type\":\"ImageObject\",\"inLanguage\":\"de\",\"@id\":\"https:\/\/zechundwaibel.de\/#\/schema\/logo\/image\/\",\"url\":\"https:\/\/zechundwaibel.de\/wp-content\/uploads\/2021\/12\/logo_zech_Nav-01.png\",\"contentUrl\":\"https:\/\/zechundwaibel.de\/wp-content\/uploads\/2021\/12\/logo_zech_Nav-01.png\",\"width\":960,\"height\":220,\"caption\":\"Zech und Waibel Modellbau\"},\"image\":{\"@id\":\"https:\/\/zechundwaibel.de\/#\/schema\/logo\/image\/\"}}]}<\/script>\n<!-- \/ Yoast SEO plugin. -->","yoast_head_json":{"title":"Nachhaltigkeit - Zech und Waibel Modellbau","robots":{"index":"index","follow":"follow","max-snippet":"max-snippet:-1","max-image-preview":"max-image-preview:large","max-video-preview":"max-video-preview:-1"},"canonical":"https:\/\/zechundwaibel.de\/?page_id=24","og_locale":"de_DE","og_type":"article","og_title":"Nachhaltigkeit - Zech und Waibel Modellbau","og_description":"Nachhaltigkeit Wir stehen f\u00c3\u0192\u00c6\u2019\u00c3\u201a\u00c2\u00bcr Nachhaltigkeit ein Wir \u00c3\u0192\u00c6\u2019\u00c3\u201a\u00c2\u00bcbernehmen Verantwortung Nachhaltig zu agieren ist f\u00c3\u0192\u00c6\u2019\u00c3\u201a\u00c2\u00bcr unser Unternehmen und Projekte selbstverst\u00c3\u0192\u00c6\u2019\u00c3\u201a\u00c2\u00a4ndlich. Nachhaltig f\u00c3\u0192\u00c6\u2019\u00c3\u201a\u00c2\u00bcr unsere Umwelt zu handeln ebenso, denn als Unternehmen \u00c3\u0192\u00c6\u2019\u00c3\u201a\u00c2\u00bcbernimmt man auch Verantwortung. Deshalb achten wir stetig auf Neuerungen, die sich auf unsere \u00c3\u0192\u00c6\u2019\u00c3\u00a2\u00e2\u201a\u00ac\u00e2\u20ac\u0153kobilanz dauerhaft positiv auswirken. Im Kleinen und im Gro\u00c3\u0192\u00c6\u2019\u00c3\u2026\u00c2\u00b8en, also von einer [&hellip;]","og_url":"https:\/\/zechundwaibel.de\/?page_id=24","og_site_name":"Zech und Waibel Modellbau","article_modified_time":"2023-03-16T14:38:18+00:00","twitter_card":"summary_large_image","twitter_misc":{"Gesch\u00e4tzte Lesezeit":"1\u00a0Minute"},"schema":{"@context":"https:\/\/schema.org","@graph":[{"@type":"WebPage","@id":"https:\/\/zechundwaibel.de\/?page_id=24","url":"https:\/\/zechundwaibel.de\/?page_id=24","name":"Nachhaltigkeit - Zech und Waibel Modellbau","isPartOf":{"@id":"https:\/\/zechundwaibel.de\/#website"},"datePublished":"2022-01-05T12:17:13+00:00","dateModified":"2023-03-16T14:38:18+00:00","breadcrumb":{"@id":"https:\/\/zechundwaibel.de\/?page_id=24#breadcrumb"},"inLanguage":"de","potentialAction":[{"@type":"ReadAction","target":["https:\/\/zechundwaibel.de\/?page_id=24"]}]},{"@type":"BreadcrumbList","@id":"https:\/\/zechundwaibel.de\/?page_id=24#breadcrumb","itemListElement":[{"@type":"ListItem","position":1,"name":"Startseite","item":"https:\/\/zechundwaibel.de\/"},{"@type":"ListItem","position":2,"name":"Nachhaltigkeit"}]},{"@type":"WebSite","@id":"https:\/\/zechundwaibel.de\/#website","url":"https:\/\/zechundwaibel.de\/","name":"Zech und Waibel Modellbau","description":"","publisher":{"@id":"https:\/\/zechundwaibel.de\/#organization"},"potentialAction":[{"@type":"SearchAction","target":{"@type":"EntryPoint","urlTemplate":"https:\/\/zechundwaibel.de\/?s={search_term_string}"},"query-input":{"@type":"PropertyValueSpecification","valueRequired":true,"valueName":"search_term_string"}}],"inLanguage":"de"},{"@type":"Organization","@id":"https:\/\/zechundwaibel.de\/#organization","name":"Zech und Waibel Modellbau","url":"https:\/\/zechundwaibel.de\/","logo":{"@type":"ImageObject","inLanguage":"de","@id":"https:\/\/zechundwaibel.de\/#\/schema\/logo\/image\/","url":"https:\/\/zechundwaibel.de\/wp-content\/uploads\/2021\/12\/logo_zech_Nav-01.png","contentUrl":"https:\/\/zechundwaibel.de\/wp-content\/uploads\/2021\/12\/logo_zech_Nav-01.png","width":960,"height":220,"caption":"Zech und Waibel Modellbau"},"image":{"@id":"https:\/\/zechundwaibel.de\/#\/schema\/logo\/image\/"}}]}},"_links":{"self":[{"href":"https:\/\/zechundwaibel.de\/index.php?rest_route=\/wp\/v2\/pages\/24","targetHints":{"allow":["GET"]}}],"collection":[{"href":"https:\/\/zechundwaibel.de\/index.php?rest_route=\/wp\/v2\/pages"}],"about":[{"href":"https:\/\/zechundwaibel.de\/index.php?rest_route=\/wp\/v2\/types\/page"}],"author":[{"embeddable":true,"href":"https:\/\/zechundwaibel.de\/index.php?rest_route=\/wp\/v2\/users\/3"}],"replies":[{"embeddable":true,"href":"https:\/\/zechundwaibel.de\/index.php?rest_route=%2Fwp%2Fv2%2Fcomments&post=24"}],"version-history":[{"count":19,"href":"https:\/\/zechundwaibel.de\/index.php?rest_route=\/wp\/v2\/pages\/24\/revisions"}],"predecessor-version":[{"id":1033,"href":"https:\/\/zechundwaibel.de\/index.php?rest_route=\/wp\/v2\/pages\/24\/revisions\/1033"}],"wp:attachment":[{"href":"https:\/\/zechundwaibel.de\/index.php?rest_route=%2Fwp%2Fv2%2Fmedia&parent=24"}],"curies":[{"name":"wp","href":"https:\/\/api.w.org\/{rel}","templated":true}]}}